{"id":381,"date":"2024-06-24T15:07:53","date_gmt":"2024-06-24T13:07:53","guid":{"rendered":"https:\/\/michelsonne-strasbourg.com\/?page_id=381"},"modified":"2024-12-09T15:48:59","modified_gmt":"2024-12-09T14:48:59","slug":"evenements","status":"publish","type":"page","link":"https:\/\/michelsonne-strasbourg.com\/index.php\/evenements\/","title":{"rendered":"\u00c9v\u00e8nements"},"content":{"rendered":"\t\t<div data-elementor-type=\"wp-page\" data-elementor-id=\"381\" class=\"elementor elementor-381\">\n\t\t\t\t<div class=\"elementor-element elementor-element-f4f681c e-flex e-con-boxed e-con e-parent\" data-id=\"f4f681c\" data-element_type=\"container\" data-e-type=\"container\" data-settings=\"{&quot;background_background&quot;:&quot;classic&quot;}\">\n\t\t\t\t\t<div class=\"e-con-inner\">\n\t\t<div class=\"elementor-element elementor-element-3523c1c e-flex e-con-boxed e-con e-child\" data-id=\"3523c1c\" data-element_type=\"container\" data-e-type=\"container\" data-settings=\"{&quot;background_background&quot;:&quot;slideshow&quot;,&quot;background_slideshow_gallery&quot;:[{&quot;id&quot;:586,&quot;url&quot;:&quot;https:\\\/\\\/michelsonne-strasbourg.com\\\/wp-content\\\/uploads\\\/2024\\\/06\\\/andrew-seaman-J65VbXRtgrU-unsplash-scaled.jpg&quot;}],&quot;background_slideshow_slide_duration&quot;:5000,&quot;background_slideshow_slide_transition&quot;:&quot;fade&quot;,&quot;background_slideshow_transition_duration&quot;:500}\">\n\t\t\t\t\t<div class=\"e-con-inner\">\n\t\t\t\t<div class=\"elementor-element elementor-element-640b115 elementor-widget__width-inherit elementor-widget elementor-widget-heading\" data-id=\"640b115\" data-element_type=\"widget\" data-e-type=\"widget\" data-widget_type=\"heading.default\">\n\t\t\t\t<div class=\"elementor-widget-container\">\n\t\t\t\t\t<h1 class=\"elementor-heading-title elementor-size-default\"><br>\u00c9V\u00c8NEMENTS<br><br><\/h1>\t\t\t\t<\/div>\n\t\t\t\t<\/div>\n\t\t\t\t\t<\/div>\n\t\t\t\t<\/div>\n\t\t\t\t\t<\/div>\n\t\t\t\t<\/div>\n\t\t<div class=\"elementor-element elementor-element-ec73fd7 e-flex e-con-boxed e-con e-parent\" data-id=\"ec73fd7\" data-element_type=\"container\" data-e-type=\"container\">\n\t\t\t\t\t<div class=\"e-con-inner\">\n\t\t\t\t<div class=\"elementor-element elementor-element-f78358c elementor-widget-divider--view-line elementor-widget elementor-widget-divider\" data-id=\"f78358c\" data-element_type=\"widget\" data-e-type=\"widget\" data-widget_type=\"divider.default\">\n\t\t\t\t<div class=\"elementor-widget-container\">\n\t\t\t\t\t\t\t<div class=\"elementor-divider\">\n\t\t\t<span class=\"elementor-divider-separator\">\n\t\t\t\t\t\t<\/span>\n\t\t<\/div>\n\t\t\t\t\t\t<\/div>\n\t\t\t\t<\/div>\n\t\t\t\t\t<\/div>\n\t\t\t\t<\/div>\n\t\t<div class=\"elementor-element elementor-element-bfe2716 e-flex e-con-boxed e-con e-parent\" data-id=\"bfe2716\" data-element_type=\"container\" data-e-type=\"container\">\n\t\t\t\t\t<div class=\"e-con-inner\">\n\t\t\t\t<div class=\"elementor-element elementor-element-b2bbe3c elementor-widget elementor-widget-image\" data-id=\"b2bbe3c\" data-element_type=\"widget\" data-e-type=\"widget\" data-widget_type=\"image.default\">\n\t\t\t\t<div class=\"elementor-widget-container\">\n\t\t\t\t\t\t\t\t\t\t\t\t\t\t\t<img fetchpriority=\"high\" decoding=\"async\" width=\"768\" height=\"960\" src=\"https:\/\/michelsonne-strasbourg.com\/wp-content\/uploads\/2024\/12\/DEMO-VECCHI-POST-768x960.png\" class=\"attachment-medium_large size-medium_large wp-image-778\" alt=\"\" srcset=\"https:\/\/michelsonne-strasbourg.com\/wp-content\/uploads\/2024\/12\/DEMO-VECCHI-POST-768x960.png 768w, https:\/\/michelsonne-strasbourg.com\/wp-content\/uploads\/2024\/12\/DEMO-VECCHI-POST-240x300.png 240w, https:\/\/michelsonne-strasbourg.com\/wp-content\/uploads\/2024\/12\/DEMO-VECCHI-POST-819x1024.png 819w, https:\/\/michelsonne-strasbourg.com\/wp-content\/uploads\/2024\/12\/DEMO-VECCHI-POST.png 1080w\" sizes=\"(max-width: 768px) 100vw, 768px\" \/>\t\t\t\t\t\t\t\t\t\t\t\t\t\t\t<\/div>\n\t\t\t\t<\/div>\n\t\t\t\t\t<\/div>\n\t\t\t\t<\/div>\n\t\t<div class=\"elementor-element elementor-element-38c71af e-flex e-con-boxed e-con e-parent\" data-id=\"38c71af\" data-element_type=\"container\" data-e-type=\"container\">\n\t\t\t\t\t<div class=\"e-con-inner\">\n\t\t\t\t<div class=\"elementor-element elementor-element-23a7cd3 elementor-widget elementor-widget-text-editor\" data-id=\"23a7cd3\" data-element_type=\"widget\" data-e-type=\"widget\" data-widget_type=\"text-editor.default\">\n\t\t\t\t<div class=\"elementor-widget-container\">\n\t\t\t\t\t\t\t\t\t<h4>\ud83c\udfb6 Pour plus d&rsquo;informations, suivez &#8211; nous sur les r\u00e9seaux sociaux ! \ud83d\udcf1<\/h4>\t\t\t\t\t\t\t\t<\/div>\n\t\t\t\t<\/div>\n\t\t\t\t\t<\/div>\n\t\t\t\t<\/div>\n\t\t\t\t<\/div>\n\t\t","protected":false},"excerpt":{"rendered":"<p>\u00c9V\u00c8NEMENTS \ud83c\udfb6 Pour plus d&rsquo;informations, suivez &#8211; nous sur les r\u00e9seaux sociaux ! \ud83d\udcf1<\/p>\n","protected":false},"author":2,"featured_media":0,"parent":0,"menu_order":0,"comment_status":"closed","ping_status":"closed","template":"","meta":{"site-sidebar-layout":"no-sidebar","site-content-layout":"","ast-site-content-layout":"full-width-container","site-content-style":"default","site-sidebar-style":"default","ast-global-header-display":"","ast-banner-title-visibility":"","ast-main-header-display":"","ast-hfb-above-header-display":"","ast-hfb-below-header-display":"","ast-hfb-mobile-header-display":"","site-post-title":"disabled","ast-breadcrumbs-content":"","ast-featured-img":"disabled","footer-sml-layout":"","ast-disable-related-posts":"","theme-transparent-header-meta":"","adv-header-id-meta":"","stick-header-meta":"","header-above-stick-meta":"","header-main-stick-meta":"","header-below-stick-meta":"","astra-migrate-meta-layouts":"default","ast-page-background-enabled":"default","ast-page-background-meta":{"desktop":{"background-color":"var(--ast-global-color-4)","background-image":"","background-repeat":"repeat","background-position":"center center","background-size":"auto","background-attachment":"scroll","background-type":"","background-media":"","overlay-type":"","overlay-color":"","overlay-opacity":"","overlay-gradient":""},"tablet":{"background-color":"","background-image":"","background-repeat":"repeat","background-position":"center center","background-size":"auto","background-attachment":"scroll","background-type":"","background-media":"","overlay-type":"","overlay-color":"","overlay-opacity":"","overlay-gradient":""},"mobile":{"background-color":"","background-image":"","background-repeat":"repeat","background-position":"center center","background-size":"auto","background-attachment":"scroll","background-type":"","background-media":"","overlay-type":"","overlay-color":"","overlay-opacity":"","overlay-gradient":""}},"ast-content-background-meta":{"desktop":{"background-color":"var(--ast-global-color-5)","background-image":"","background-repeat":"repeat","background-position":"center center","background-size":"auto","background-attachment":"scroll","background-type":"","background-media":"","overlay-type":"","overlay-color":"","overlay-opacity":"","overlay-gradient":""},"tablet":{"background-color":"var(--ast-global-color-5)","background-image":"","background-repeat":"repeat","background-position":"center center","background-size":"auto","background-attachment":"scroll","background-type":"","background-media":"","overlay-type":"","overlay-color":"","overlay-opacity":"","overlay-gradient":""},"mobile":{"background-color":"var(--ast-global-color-5)","background-image":"","background-repeat":"repeat","background-position":"center center","background-size":"auto","background-attachment":"scroll","background-type":"","background-media":"","overlay-type":"","overlay-color":"","overlay-opacity":"","overlay-gradient":""}},"footnotes":""},"class_list":["post-381","page","type-page","status-publish","hentry"],"yoast_head":"<!-- This site is optimized with the Yoast SEO plugin v26.8 - https:\/\/yoast.com\/product\/yoast-seo-wordpress\/ -->\n<title>\u00c9v\u00e8nements - MICHELSONNE | Strasbourg<\/title>\n<meta name=\"robots\" content=\"index, follow, max-snippet:-1, max-image-preview:large, max-video-preview:-1\" \/>\n<link rel=\"canonical\" href=\"https:\/\/michelsonne-strasbourg.com\/index.php\/evenements\/\" \/>\n<meta property=\"og:locale\" content=\"fr_FR\" \/>\n<meta property=\"og:type\" content=\"article\" \/>\n<meta property=\"og:title\" content=\"\u00c9v\u00e8nements - MICHELSONNE | Strasbourg\" \/>\n<meta property=\"og:description\" content=\"\u00c9V\u00c8NEMENTS \ud83c\udfb6 Pour plus d&rsquo;informations, suivez &#8211; nous sur les r\u00e9seaux sociaux ! \ud83d\udcf1\" \/>\n<meta property=\"og:url\" content=\"https:\/\/michelsonne-strasbourg.com\/index.php\/evenements\/\" \/>\n<meta property=\"og:site_name\" content=\"MICHELSONNE | Strasbourg\" \/>\n<meta property=\"article:modified_time\" content=\"2024-12-09T14:48:59+00:00\" \/>\n<meta property=\"og:image\" content=\"https:\/\/michelsonne-strasbourg.com\/wp-content\/uploads\/2024\/12\/DEMO-VECCHI-POST-768x960.png\" \/>\n<meta name=\"twitter:card\" content=\"summary_large_image\" \/>\n<script type=\"application\/ld+json\" class=\"yoast-schema-graph\">{\"@context\":\"https:\/\/schema.org\",\"@graph\":[{\"@type\":\"WebPage\",\"@id\":\"https:\/\/michelsonne-strasbourg.com\/index.php\/evenements\/\",\"url\":\"https:\/\/michelsonne-strasbourg.com\/index.php\/evenements\/\",\"name\":\"\u00c9v\u00e8nements - MICHELSONNE | Strasbourg\",\"isPartOf\":{\"@id\":\"https:\/\/michelsonne-strasbourg.com\/#website\"},\"primaryImageOfPage\":{\"@id\":\"https:\/\/michelsonne-strasbourg.com\/index.php\/evenements\/#primaryimage\"},\"image\":{\"@id\":\"https:\/\/michelsonne-strasbourg.com\/index.php\/evenements\/#primaryimage\"},\"thumbnailUrl\":\"https:\/\/michelsonne-strasbourg.com\/wp-content\/uploads\/2024\/12\/DEMO-VECCHI-POST-768x960.png\",\"datePublished\":\"2024-06-24T13:07:53+00:00\",\"dateModified\":\"2024-12-09T14:48:59+00:00\",\"breadcrumb\":{\"@id\":\"https:\/\/michelsonne-strasbourg.com\/index.php\/evenements\/#breadcrumb\"},\"inLanguage\":\"fr-FR\",\"potentialAction\":[{\"@type\":\"ReadAction\",\"target\":[\"https:\/\/michelsonne-strasbourg.com\/index.php\/evenements\/\"]}]},{\"@type\":\"ImageObject\",\"inLanguage\":\"fr-FR\",\"@id\":\"https:\/\/michelsonne-strasbourg.com\/index.php\/evenements\/#primaryimage\",\"url\":\"https:\/\/michelsonne-strasbourg.com\/wp-content\/uploads\/2024\/12\/DEMO-VECCHI-POST.png\",\"contentUrl\":\"https:\/\/michelsonne-strasbourg.com\/wp-content\/uploads\/2024\/12\/DEMO-VECCHI-POST.png\",\"width\":1080,\"height\":1350},{\"@type\":\"BreadcrumbList\",\"@id\":\"https:\/\/michelsonne-strasbourg.com\/index.php\/evenements\/#breadcrumb\",\"itemListElement\":[{\"@type\":\"ListItem\",\"position\":1,\"name\":\"Accueil\",\"item\":\"https:\/\/michelsonne-strasbourg.com\/\"},{\"@type\":\"ListItem\",\"position\":2,\"name\":\"\u00c9v\u00e8nements\"}]},{\"@type\":\"WebSite\",\"@id\":\"https:\/\/michelsonne-strasbourg.com\/#website\",\"url\":\"https:\/\/michelsonne-strasbourg.com\/\",\"name\":\"MICHELSONNE | Strasbourg\",\"description\":\"Le magasin de musique \u00e0 Strasbourg !\",\"publisher\":{\"@id\":\"https:\/\/michelsonne-strasbourg.com\/#organization\"},\"potentialAction\":[{\"@type\":\"SearchAction\",\"target\":{\"@type\":\"EntryPoint\",\"urlTemplate\":\"https:\/\/michelsonne-strasbourg.com\/?s={search_term_string}\"},\"query-input\":{\"@type\":\"PropertyValueSpecification\",\"valueRequired\":true,\"valueName\":\"search_term_string\"}}],\"inLanguage\":\"fr-FR\"},{\"@type\":\"Organization\",\"@id\":\"https:\/\/michelsonne-strasbourg.com\/#organization\",\"name\":\"MICHELSONNE | Strasbourg\",\"url\":\"https:\/\/michelsonne-strasbourg.com\/\",\"logo\":{\"@type\":\"ImageObject\",\"inLanguage\":\"fr-FR\",\"@id\":\"https:\/\/michelsonne-strasbourg.com\/#\/schema\/logo\/image\/\",\"url\":\"https:\/\/michelsonne-strasbourg.com\/wp-content\/uploads\/2024\/06\/cropped-MPC_LOGO_SANS-ECRITURE-2-1.png\",\"contentUrl\":\"https:\/\/michelsonne-strasbourg.com\/wp-content\/uploads\/2024\/06\/cropped-MPC_LOGO_SANS-ECRITURE-2-1.png\",\"width\":1635,\"height\":1637,\"caption\":\"MICHELSONNE | Strasbourg\"},\"image\":{\"@id\":\"https:\/\/michelsonne-strasbourg.com\/#\/schema\/logo\/image\/\"}}]}<\/script>\n<!-- \/ Yoast SEO plugin. -->","yoast_head_json":{"title":"\u00c9v\u00e8nements - MICHELSONNE | Strasbourg","robots":{"index":"index","follow":"follow","max-snippet":"max-snippet:-1","max-image-preview":"max-image-preview:large","max-video-preview":"max-video-preview:-1"},"canonical":"https:\/\/michelsonne-strasbourg.com\/index.php\/evenements\/","og_locale":"fr_FR","og_type":"article","og_title":"\u00c9v\u00e8nements - MICHELSONNE | Strasbourg","og_description":"\u00c9V\u00c8NEMENTS \ud83c\udfb6 Pour plus d&rsquo;informations, suivez &#8211; nous sur les r\u00e9seaux sociaux ! \ud83d\udcf1","og_url":"https:\/\/michelsonne-strasbourg.com\/index.php\/evenements\/","og_site_name":"MICHELSONNE | Strasbourg","article_modified_time":"2024-12-09T14:48:59+00:00","og_image":[{"url":"https:\/\/michelsonne-strasbourg.com\/wp-content\/uploads\/2024\/12\/DEMO-VECCHI-POST-768x960.png","type":"","width":"","height":""}],"twitter_card":"summary_large_image","schema":{"@context":"https:\/\/schema.org","@graph":[{"@type":"WebPage","@id":"https:\/\/michelsonne-strasbourg.com\/index.php\/evenements\/","url":"https:\/\/michelsonne-strasbourg.com\/index.php\/evenements\/","name":"\u00c9v\u00e8nements - MICHELSONNE | Strasbourg","isPartOf":{"@id":"https:\/\/michelsonne-strasbourg.com\/#website"},"primaryImageOfPage":{"@id":"https:\/\/michelsonne-strasbourg.com\/index.php\/evenements\/#primaryimage"},"image":{"@id":"https:\/\/michelsonne-strasbourg.com\/index.php\/evenements\/#primaryimage"},"thumbnailUrl":"https:\/\/michelsonne-strasbourg.com\/wp-content\/uploads\/2024\/12\/DEMO-VECCHI-POST-768x960.png","datePublished":"2024-06-24T13:07:53+00:00","dateModified":"2024-12-09T14:48:59+00:00","breadcrumb":{"@id":"https:\/\/michelsonne-strasbourg.com\/index.php\/evenements\/#breadcrumb"},"inLanguage":"fr-FR","potentialAction":[{"@type":"ReadAction","target":["https:\/\/michelsonne-strasbourg.com\/index.php\/evenements\/"]}]},{"@type":"ImageObject","inLanguage":"fr-FR","@id":"https:\/\/michelsonne-strasbourg.com\/index.php\/evenements\/#primaryimage","url":"https:\/\/michelsonne-strasbourg.com\/wp-content\/uploads\/2024\/12\/DEMO-VECCHI-POST.png","contentUrl":"https:\/\/michelsonne-strasbourg.com\/wp-content\/uploads\/2024\/12\/DEMO-VECCHI-POST.png","width":1080,"height":1350},{"@type":"BreadcrumbList","@id":"https:\/\/michelsonne-strasbourg.com\/index.php\/evenements\/#breadcrumb","itemListElement":[{"@type":"ListItem","position":1,"name":"Accueil","item":"https:\/\/michelsonne-strasbourg.com\/"},{"@type":"ListItem","position":2,"name":"\u00c9v\u00e8nements"}]},{"@type":"WebSite","@id":"https:\/\/michelsonne-strasbourg.com\/#website","url":"https:\/\/michelsonne-strasbourg.com\/","name":"MICHELSONNE | Strasbourg","description":"Le magasin de musique \u00e0 Strasbourg !","publisher":{"@id":"https:\/\/michelsonne-strasbourg.com\/#organization"},"potentialAction":[{"@type":"SearchAction","target":{"@type":"EntryPoint","urlTemplate":"https:\/\/michelsonne-strasbourg.com\/?s={search_term_string}"},"query-input":{"@type":"PropertyValueSpecification","valueRequired":true,"valueName":"search_term_string"}}],"inLanguage":"fr-FR"},{"@type":"Organization","@id":"https:\/\/michelsonne-strasbourg.com\/#organization","name":"MICHELSONNE | Strasbourg","url":"https:\/\/michelsonne-strasbourg.com\/","logo":{"@type":"ImageObject","inLanguage":"fr-FR","@id":"https:\/\/michelsonne-strasbourg.com\/#\/schema\/logo\/image\/","url":"https:\/\/michelsonne-strasbourg.com\/wp-content\/uploads\/2024\/06\/cropped-MPC_LOGO_SANS-ECRITURE-2-1.png","contentUrl":"https:\/\/michelsonne-strasbourg.com\/wp-content\/uploads\/2024\/06\/cropped-MPC_LOGO_SANS-ECRITURE-2-1.png","width":1635,"height":1637,"caption":"MICHELSONNE | Strasbourg"},"image":{"@id":"https:\/\/michelsonne-strasbourg.com\/#\/schema\/logo\/image\/"}}]}},"_links":{"self":[{"href":"https:\/\/michelsonne-strasbourg.com\/index.php\/wp-json\/wp\/v2\/pages\/381","targetHints":{"allow":["GET"]}}],"collection":[{"href":"https:\/\/michelsonne-strasbourg.com\/index.php\/wp-json\/wp\/v2\/pages"}],"about":[{"href":"https:\/\/michelsonne-strasbourg.com\/index.php\/wp-json\/wp\/v2\/types\/page"}],"author":[{"embeddable":true,"href":"https:\/\/michelsonne-strasbourg.com\/index.php\/wp-json\/wp\/v2\/users\/2"}],"replies":[{"embeddable":true,"href":"https:\/\/michelsonne-strasbourg.com\/index.php\/wp-json\/wp\/v2\/comments?post=381"}],"version-history":[{"count":28,"href":"https:\/\/michelsonne-strasbourg.com\/index.php\/wp-json\/wp\/v2\/pages\/381\/revisions"}],"predecessor-version":[{"id":790,"href":"https:\/\/michelsonne-strasbourg.com\/index.php\/wp-json\/wp\/v2\/pages\/381\/revisions\/790"}],"wp:attachment":[{"href":"https:\/\/michelsonne-strasbourg.com\/index.php\/wp-json\/wp\/v2\/media?parent=381"}],"curies":[{"name":"wp","href":"https:\/\/api.w.org\/{rel}","templated":true}]}}